{"id":32,"date":"2022-10-15T11:55:19","date_gmt":"2022-10-15T11:55:19","guid":{"rendered":"https:\/\/zapatillas.negociosentuciudad.com\/?page_id=32"},"modified":"2022-10-15T11:55:20","modified_gmt":"2022-10-15T11:55:20","slug":"terminos-y-condiciones","status":"publish","type":"page","link":"https:\/\/zapatillas.negociosentuciudad.com\/index.php\/terminos-y-condiciones\/","title":{"rendered":"T\u00e9rminos y condiciones"},"content":{"rendered":"\n<h1>Crear una pol\u00edtica de T\u00e9rminos y Condiciones<\/h1>\n\n\n\n<p>Los t\u00e9rminos y condiciones (&#8220;T\u00e9rminos&#8221;) son un conjunto de t\u00e9rminos legales definidos por el propietario de una p\u00e1gina web. Establecieron los t\u00e9rminos y condiciones que rigen las actividades de los visitantes de la p\u00e1gina web en dicho sitio web y la relaci\u00f3n entre los visitantes del sitio y el propietario del sitio web.<\/p>\n\n\n\n<p>Los t\u00e9rminos deben definirse de acuerdo con las necesidades espec\u00edficas y la naturaleza de cada p\u00e1gina web. Por ejemplo, una p\u00e1gina web que ofrece productos a clientes en transacciones de comercio electr\u00f3nico requiere t\u00e9rminos que son diferentes de los t\u00e9rminos de una p\u00e1gina web que solo proporciona informaci\u00f3n.<\/p>\n\n\n\n<p>Los T\u00e9rminos son un acuerdo entre el propietario del sitio web y los usuarios de la p\u00e1gina web; detallan las pol\u00edticas y procedimientos realizados por el sitio web. En muchos sentidos, los T\u00e9rminos brindan al propietario de la p\u00e1gina web la posibilidad de protegerse de una posible exposici\u00f3n legal.<\/p>\n\n\n\n<p>Adem\u00e1s, existen obligaciones legales para notificar a los usuarios de p\u00e1gina web de tales actividades, y en muchos casos los T\u00e9rminos son el lugar indicado para hacerlo.<\/p>\n\n\n\n<p>Por lo tanto, es muy importante y muy recomendable que las p\u00e1ginas web tengan t\u00e9rminos claros y completos que se ajusten y adapten al sitio web espec\u00edfico y a tus actividades.<\/p>\n\n\n\n<p><strong>Importante:<\/strong><\/p>\n\n\n\n<p>Las explicaciones y la informaci\u00f3n proporcionadas en este documento son solo explicaciones generales y de alto nivel, informaci\u00f3n y muestras. No debes confiar en este art\u00edculo como asesoramiento legal o como recomendaciones con respecto a lo que realmente debes hacer. Te recomendamos que busques asesoramiento legal para ayudarte a comprender y ayudarte a crear tus T\u00e9rminos.<\/p>\n\n\n\n<h3>\u00bfQu\u00e9 debes cubrir en tus t\u00e9rminos?<\/h3>\n\n\n\n<p>La siguiente es una lista de problemas que generalmente se tratan en T\u00e9rminos para p\u00e1ginas web. Por supuesto, algunos de los problemas pueden no ser relevantes para tu p\u00e1gina web (por ejemplo, las pol\u00edticas de reembolso no son relevantes para un sitio web que no vende nada) y puede haber t\u00e9rminos requeridos para tu p\u00e1gina web que no se mencionan a continuaci\u00f3n. El siguiente es solo un esquema y una ilustraci\u00f3n limitada de alto nivel de los principales problemas que generalmente se tratan en los T\u00e9rminos de las p\u00e1ginas web.<\/p>\n\n\n\n<h4 id=\"propietario-de-la-pgina-web-la-oferta-y-el-enlace-de-los-trminos-1\">Propietario de la p\u00e1gina web, la oferta y el enlace de los T\u00e9rminos<\/h4>\n\n\n\n<p>Como en todos los acuerdos, los T\u00e9rminos deben indicar claramente el propietario de la p\u00e1gina web, lo que ofrece el sitio web y los T\u00e9rminos como un acuerdo vinculante para los usuarios de la p\u00e1gina web. Si la p\u00e1gina web es operado por una entidad legal, es importante indicar el nombre completo y preciso de dicha entidad (y no el nombre comercial utilizado para la actividad comercial). Tambi\u00e9n es importante definir lo que se ofrece en la p\u00e1gina web y declarar que los T\u00e9rminos son un acuerdo legal que controla el uso de la p\u00e1gina web por los visitantes y usuarios de los servicios.<\/p>\n","protected":false},"excerpt":{"rendered":"<p>Crear una pol\u00edtica de T\u00e9rminos y Condiciones Los t\u00e9rminos y condiciones (&#8220;T\u00e9rminos&#8221;) son un conjunto de t\u00e9rminos legales definidos por el propietario de una p\u00e1gina web. Establecieron los t\u00e9rminos y condiciones que rigen las actividades de los visitantes de la p\u00e1gina web en dicho sitio web y la relaci\u00f3n entre los visitantes del sitio y [&hellip;]<\/p>\n","protected":false},"author":1,"featured_media":0,"parent":0,"menu_order":0,"comment_status":"closed","ping_status":"closed","template":"","meta":{"om_disable_all_campaigns":false,"_monsterinsights_skip_tracking":false,"_monsterinsights_sitenote_active":false,"_monsterinsights_sitenote_note":"","_monsterinsights_sitenote_category":0},"aioseo_notices":[],"_links":{"self":[{"href":"https:\/\/zapatillas.negociosentuciudad.com\/index.php\/wp-json\/wp\/v2\/pages\/32"}],"collection":[{"href":"https:\/\/zapatillas.negociosentuciudad.com\/index.php\/wp-json\/wp\/v2\/pages"}],"about":[{"href":"https:\/\/zapatillas.negociosentuciudad.com\/index.php\/wp-json\/wp\/v2\/types\/page"}],"author":[{"embeddable":true,"href":"https:\/\/zapatillas.negociosentuciudad.com\/index.php\/wp-json\/wp\/v2\/users\/1"}],"replies":[{"embeddable":true,"href":"https:\/\/zapatillas.negociosentuciudad.com\/index.php\/wp-json\/wp\/v2\/comments?post=32"}],"version-history":[{"count":1,"href":"https:\/\/zapatillas.negociosentuciudad.com\/index.php\/wp-json\/wp\/v2\/pages\/32\/revisions"}],"predecessor-version":[{"id":33,"href":"https:\/\/zapatillas.negociosentuciudad.com\/index.php\/wp-json\/wp\/v2\/pages\/32\/revisions\/33"}],"wp:attachment":[{"href":"https:\/\/zapatillas.negociosentuciudad.com\/index.php\/wp-json\/wp\/v2\/media?parent=32"}],"curies":[{"name":"wp","href":"https:\/\/api.w.org\/{rel}","templated":true}]}}